{"id":310,"date":"2020-10-25T19:08:36","date_gmt":"2020-10-25T16:08:36","guid":{"rendered":"http:\/\/mavibilisim.net\/tr\/?page_id=310"},"modified":"2020-11-05T14:12:40","modified_gmt":"2020-11-05T11:12:40","slug":"akilli-su-sayaclari","status":"publish","type":"page","link":"https:\/\/mavibilisim.net\/tr\/hizmetlerimiz\/akilli-su-sayaclari\/","title":{"rendered":"Ak\u0131ll\u0131 Su Saya\u00e7lar\u0131"},"content":{"rendered":"<p>Baylan Ak\u0131ll\u0131 Su Saya\u00e7lar\u0131<\/p>\n<div style=\"width: 960px;\" class=\"wp-video\"><!--[if lt IE 9]><script>document.createElement('video');<\/script><![endif]-->\n<video class=\"wp-video-shortcode\" id=\"video-310-1\" width=\"960\" height=\"508\" loop=\"1\" autoplay=\"1\" preload=\"metadata\" controls=\"controls\"><source type=\"video\/mp4\" src=\"https:\/\/mavibilisim.net\/tr\/wp-content\/uploads\/2020\/11\/tw1.mp4?_=1\" \/><a href=\"https:\/\/mavibilisim.net\/tr\/wp-content\/uploads\/2020\/11\/tw1.mp4\">https:\/\/mavibilisim.net\/tr\/wp-content\/uploads\/2020\/11\/tw1.mp4<\/a><\/video><\/div>\n","protected":false},"excerpt":{"rendered":"<p>Baylan Ak\u0131ll\u0131 Su Saya\u00e7lar\u0131<\/p>\n","protected":false},"author":1,"featured_media":0,"parent":306,"menu_order":0,"comment_status":"closed","ping_status":"closed","template":"","meta":[],"_links":{"self":[{"href":"https:\/\/mavibilisim.net\/tr\/wp-json\/wp\/v2\/pages\/310"}],"collection":[{"href":"https:\/\/mavibilisim.net\/tr\/wp-json\/wp\/v2\/pages"}],"about":[{"href":"https:\/\/mavibilisim.net\/tr\/wp-json\/wp\/v2\/types\/page"}],"author":[{"embeddable":true,"href":"https:\/\/mavibilisim.net\/tr\/wp-json\/wp\/v2\/users\/1"}],"replies":[{"embeddable":true,"href":"https:\/\/mavibilisim.net\/tr\/wp-json\/wp\/v2\/comments?post=310"}],"version-history":[{"count":4,"href":"https:\/\/mavibilisim.net\/tr\/wp-json\/wp\/v2\/pages\/310\/revisions"}],"predecessor-version":[{"id":381,"href":"https:\/\/mavibilisim.net\/tr\/wp-json\/wp\/v2\/pages\/310\/revisions\/381"}],"up":[{"embeddable":true,"href":"https:\/\/mavibilisim.net\/tr\/wp-json\/wp\/v2\/pages\/306"}],"wp:attachment":[{"href":"https:\/\/mavibilisim.net\/tr\/wp-json\/wp\/v2\/media?parent=310"}],"curies":[{"name":"wp","href":"https:\/\/api.w.org\/{rel}","templated":true}]}}