{"id":390,"date":"2020-11-06T16:15:33","date_gmt":"2020-11-06T13:15:33","guid":{"rendered":"https:\/\/mavibilisim.net\/tr\/?page_id=390"},"modified":"2020-11-06T16:21:39","modified_gmt":"2020-11-06T13:21:39","slug":"siparis","status":"publish","type":"page","link":"https:\/\/mavibilisim.net\/tr\/siparis\/","title":{"rendered":"Sipari\u015f Formu"},"content":{"rendered":"<p>Talep edece\u011finiz \u00fcr\u00fcn yada hizmet i\u00e7in \u00f6n talep formunu doldurabilirsiniz.<br \/>\n<div role=\"form\" class=\"wpcf7\" id=\"wpcf7-f89-o1\" lang=\"tr-TR\" dir=\"ltr\">\n<div class=\"screen-reader-response\"><p role=\"status\" aria-live=\"polite\" aria-atomic=\"true\"><\/p> <ul><\/ul><\/div>\n<form action=\"\/tr\/wp-json\/wp\/v2\/pages\/390#wpcf7-f89-o1\" method=\"post\" class=\"wpcf7-form init\" novalidate=\"novalidate\" data-status=\"init\">\n<div style=\"display: none;\">\n<input type=\"hidden\" name=\"_wpcf7\" value=\"89\" \/>\n<input type=\"hidden\" name=\"_wpcf7_version\" value=\"5.3\" \/>\n<input type=\"hidden\" name=\"_wpcf7_locale\" value=\"tr_TR\" \/>\n<input type=\"hidden\" name=\"_wpcf7_unit_tag\" value=\"wpcf7-f89-o1\" \/>\n<input type=\"hidden\" name=\"_wpcf7_container_post\" value=\"0\" \/>\n<input type=\"hidden\" name=\"_wpcf7_posted_data_hash\" value=\"\" \/>\n<\/div>\n<div class=\"safirForm\">\n<div class=\"safirLeft\">\n<p class=\"safiricon icon8\"><span class=\"wpcf7-form-control-wrap adsoyad\"><input type=\"text\" name=\"adsoyad\" value=\"\" size=\"40\" class=\"wpcf7-form-control wpcf7-text wpcf7-validates-as-required\" aria-required=\"true\" aria-invalid=\"false\" placeholder=\"Ad\u0131n\u0131z Soyad\u0131n\u0131z\" \/><\/span><\/p>\n<p class=\"safiricon icon51\"><span class=\"wpcf7-form-control-wrap email\"><input type=\"email\" name=\"email\" value=\"\" size=\"40\" class=\"wpcf7-form-control wpcf7-text wpcf7-email wpcf7-validates-as-required wpcf7-validates-as-email\" aria-required=\"true\" aria-invalid=\"false\" placeholder=\"Eposta Adresiniz\" \/><\/span><\/p>\n<p class=\"safiricon icon2\"><span class=\"wpcf7-form-control-wrap telefon\"><input type=\"tel\" name=\"telefon\" value=\"\" size=\"40\" class=\"wpcf7-form-control wpcf7-text wpcf7-tel wpcf7-validates-as-required wpcf7-validates-as-tel\" aria-required=\"true\" aria-invalid=\"false\" placeholder=\"Telefon Numaran\u0131z\" \/><\/span><\/p>\n<p class=\"safiricon icon2\"><span class=\"wpcf7-form-control-wrap menu-864\"><select name=\"menu-864\" class=\"wpcf7-form-control wpcf7-select\" aria-invalid=\"false\"><option value=\"Ayd\u0131nlatma\">Ayd\u0131nlatma<\/option><option value=\"Ak\u0131ll\u0131 Su Sayac\u0131\">Ak\u0131ll\u0131 Su Sayac\u0131<\/option><option value=\"Di\u011fer\">Di\u011fer<\/option><\/select><\/span><\/p>\n<p class=\"safiricon icon44\"><span class=\"wpcf7-form-control-wrap adet\"><input type=\"text\" name=\"adet\" value=\"\" size=\"40\" class=\"wpcf7-form-control wpcf7-text\" aria-invalid=\"false\" placeholder=\"\u00dcr\u00fcn adedi\" \/><\/span><\/p>\n<\/div>\n<div class=\"safirRight\">\n<p class=\"safiricon icon31\"><span class=\"wpcf7-form-control-wrap mesaj\"><textarea name=\"mesaj\" cols=\"40\" rows=\"10\" class=\"wpcf7-form-control wpcf7-textarea\" aria-invalid=\"false\" placeholder=\"Varsa mesaj\u0131n\u0131z\u0131 buraya yaz\u0131n\u0131z\"><\/textarea><\/span> <\/p>\n<p><label> KVKK (Ki\u015fisel verilerin korunmas\u0131)<br \/>\n    <span class=\"wpcf7-form-control-wrap checkbox-949\"><span class=\"wpcf7-form-control wpcf7-checkbox wpcf7-validates-as-required\"><span class=\"wpcf7-list-item first last\"><label><input type=\"checkbox\" name=\"checkbox-949[]\" value=\"Ki\u015fisel Verilerin Korunmas\u0131 &#039;Ayd\u0131nlatma Metnini&#039; okudum\" \/><span class=\"wpcf7-list-item-label\">Ki\u015fisel Verilerin Korunmas\u0131 &#039;Ayd\u0131nlatma Metnini&#039; okudum<\/span><\/label><\/span><\/span><\/span> <\/label><\/p>\n<p><input type=\"submit\" value=\"S\u0130PAR\u0130\u015e FORMUNU G\u00d6NDER\" class=\"wpcf7-form-control wpcf7-submit safirButton\" \/><\/p>\n<\/div>\n<\/div>\n<div class=\"wpcf7-response-output\" aria-hidden=\"true\"><\/div><\/form><\/div><\/p>\n","protected":false},"excerpt":{"rendered":"<p>Talep edece\u011finiz \u00fcr\u00fcn yada hizmet i\u00e7in \u00f6n talep formunu doldurabilirsiniz.<\/p>\n","protected":false},"author":1,"featured_media":0,"parent":0,"menu_order":0,"comment_status":"closed","ping_status":"closed","template":"","meta":[],"_links":{"self":[{"href":"https:\/\/mavibilisim.net\/tr\/wp-json\/wp\/v2\/pages\/390"}],"collection":[{"href":"https:\/\/mavibilisim.net\/tr\/wp-json\/wp\/v2\/pages"}],"about":[{"href":"https:\/\/mavibilisim.net\/tr\/wp-json\/wp\/v2\/types\/page"}],"author":[{"embeddable":true,"href":"https:\/\/mavibilisim.net\/tr\/wp-json\/wp\/v2\/users\/1"}],"replies":[{"embeddable":true,"href":"https:\/\/mavibilisim.net\/tr\/wp-json\/wp\/v2\/comments?post=390"}],"version-history":[{"count":4,"href":"https:\/\/mavibilisim.net\/tr\/wp-json\/wp\/v2\/pages\/390\/revisions"}],"predecessor-version":[{"id":394,"href":"https:\/\/mavibilisim.net\/tr\/wp-json\/wp\/v2\/pages\/390\/revisions\/394"}],"wp:attachment":[{"href":"https:\/\/mavibilisim.net\/tr\/wp-json\/wp\/v2\/media?parent=390"}],"curies":[{"name":"wp","href":"https:\/\/api.w.org\/{rel}","templated":true}]}}