{"id":715,"date":"2021-03-19T11:49:33","date_gmt":"2021-03-19T08:49:33","guid":{"rendered":"https:\/\/mavibilisim.net\/tr\/?page_id=715"},"modified":"2021-03-19T11:49:33","modified_gmt":"2021-03-19T08:49:33","slug":"web-sitesi-aydinlatma-metni","status":"publish","type":"page","link":"https:\/\/mavibilisim.net\/tr\/web-sitesi-aydinlatma-metni\/","title":{"rendered":"WEB S\u0130TES\u0130 AYDINLATMA METN\u0130"},"content":{"rendered":"<p>WEB S\u0130TES\u0130 AYDINLATMA METN\u0130<\/p>\n<p>Mavi Bili\u015fim olarak 6698 say\u0131l\u0131 Ki\u015fisel Verilerin Korunmas\u0131 Kanunu\u2019nda tan\u0131ml\u0131 veri sorumlusu s\u0131fat\u0131yla i\u015fledi\u011fimiz ki\u015fisel verilerinizin g\u00fcvenli\u011fine \u00f6nem veriyoruz. Bu nedenle sizleri ki\u015fisel verilerinizin i\u015flenmesine ili\u015fkin olarak bilgilendirmek isteriz.<\/p>\n<p>K\u0130\u015e\u0130SEL VER\u0130LER\u0130N\u0130Z\u0130N \u0130\u015eLENME AMACI VE HUKUK\u0130 SEBEB\u0130<\/p>\n<p>Ki\u015fisel verileriniz 6698 say\u0131l\u0131 Ki\u015fisel Verilerin Korunmas\u0131 Kanunu ve ikincil d\u00fczenlemelere uygun olarak a\u015fa\u011f\u0131da belirtilen ama\u00e7lar ve hukuki sebepler \u00e7er\u00e7evesinde i\u015flenmektedir: Bu kapsamda \u201cwww.mavibilisim.net\u201d adresli web sitemizden temin edilen \u201cAd-soyad, e-mail adresi, telefon numaras\u0131, IP Adresi, Log Kay\u0131tlar\u0131\u201d gibi ki\u015fisel verileriniz \u015firketin me\u015fru menfaatleri ve yasal y\u00fck\u00fcml\u00fcl\u00fcklerin yerine getirilmesi ile hakk\u0131n tesisi ve korunmas\u0131 hukuki sebeplerine dayal\u0131 olarak 6698 say\u0131l\u0131 kanunun 5. maddesinin 2. f\u0131kras\u0131n\u0131n \u201c\u00e7\u201d, \u201ce\u201d ve \u201cf\u201d f\u0131kralar\u0131ndaki hukuki sebepler kapsam\u0131nda, 5651 say\u0131l\u0131 kanunun kapsam\u0131nda y\u00fck\u00fcml\u00fcl\u00fcklerin yerine getirilmesi, taraf\u0131n\u0131za sunulan hizmetin geli\u015ftirilmesi, g\u00fcvenli\u011fini sa\u011flanmas\u0131, hileli ya da izinsiz kullan\u0131mlar\u0131n tespit edilmesi, operasyonel de\u011ferlendirmelerin ara\u015ft\u0131r\u0131lmas\u0131, \u0130nternet Sitesi hizmetlerine ili\u015fkin hatalar\u0131n giderilmesi, taraf\u0131n\u0131zla ileti\u015fim kurulmas\u0131, internet kullan\u0131m faaliyetlerinizin kolayla\u015ft\u0131r\u0131lmas\u0131 ve \u00e7erez politikam\u0131zda belirtti\u011fimiz di\u011fer ama\u00e7lar ile i\u015flenmektedir.<\/p>\n<p>K\u0130\u015e\u0130SEL VER\u0130LER\u0130N AKTARILMASI<\/p>\n<p>Mavi Bili\u015fim ki\u015fisel verilerinizi yukar\u0131da say\u0131lan \u201c5651 say\u0131l\u0131 kanunun kapsam\u0131nda y\u00fck\u00fcml\u00fcl\u00fcklerin yerine getirilmesi, taraf\u0131n\u0131za sunulan hizmetin geli\u015ftirilmesi, g\u00fcvenli\u011fini sa\u011flanmas\u0131, hileli ya da izinsiz kullan\u0131mlar\u0131n tespit edilmesi, operasyonel de\u011ferlendirmelerin ara\u015ft\u0131r\u0131lmas\u0131, \u0130nternet Sitesi hizmetlerine ili\u015fkin hatalar\u0131n giderilmesi, taraf\u0131n\u0131zla ileti\u015fim kurulmas\u0131, internet kullan\u0131m faaliyetlerinizin kolayla\u015ft\u0131r\u0131lmas\u0131 ve \u00e7erez politikam\u0131zda belirtti\u011fimiz di\u011fer ama\u00e7lar\u201d ve bu ama\u00e7lardan herhangi birisinin ger\u00e7ekle\u015ftirilebilmesi i\u00e7in SMS g\u00f6nderimi yapanlar da dahil olmak \u00fczere d\u0131\u015f kaynak hizmet sa\u011flay\u0131c\u0131lar\u0131, bar\u0131nd\u0131rma hizmet sa\u011flay\u0131c\u0131lar\u0131 (hosting servisleri), hukuk b\u00fcrolar\u0131, ara\u015ft\u0131rma \u015firketleri, \u00e7a\u011fr\u0131 merkezleri gibi \u00fc\u00e7\u00fcnc\u00fc ki\u015filer ile verilerin temin edilme ama\u00e7lar\u0131na uygun olarak,\u00a0 yurt i\u00e7inde ve\/veya yurt d\u0131\u015f\u0131nda ortak ve i\u015ftirakleriyle (ve\/veya i\u015fin yerine getirilmesi i\u00e7in payla\u015f\u0131lmas\u0131 gereken \u00fc\u00e7\u00fcnc\u00fc ki\u015fi i\u015f ortaklar\u0131yla) Kanunun 8. ve 9. Maddelerine uygun olarak payla\u015f\u0131labilir.<\/p>\n<p>K\u0130\u015e\u0130SEL VER\u0130LER\u0130N TOPLANMA Y\u00d6NTEMLER\u0130<\/p>\n<p>Mavi Bili\u015fim ki\u015fisel verilerinizi; web sitemize giri\u015f yapman\u0131z, web sitemize \u00fcye olman\u0131z veya ileti\u015fime ge\u00e7mek amac\u0131yla ileti\u015fim formunu doldurman\u0131z suretiyle toplamaktad\u0131r. Bunun yan\u0131 s\u0131ra ba\u015fka y\u00f6ntemlerle Mavi Bili\u015fim ile ileti\u015fime ge\u00e7erek a\u00e7\u0131klad\u0131\u011f\u0131n\u0131z durumlarda da ki\u015fisel verileriniz toplanmaktad\u0131r.<\/p>\n<p>K\u0130\u015e\u0130SEL VER\u0130LER\u0130N SAKLANMASI<\/p>\n<p>Ki\u015fisel verileriniz 6698 say\u0131l\u0131 Ki\u015fisel Verilerin Korunmas\u0131 Kanun\u2019unun 5. maddesi kapsam\u0131nda yukar\u0131da hukuki sebebi belirtilen kanuni istisnalar kapsam\u0131nda i\u015flenecek ve muhafaza edilecektir. Bu kapsamda ki\u015fisel verileri, yukar\u0131da belirtilen i\u015fleme ama\u00e7lar\u0131n\u0131n gerektirdi\u011fi s\u00fcre boyunca saklayacakt\u0131r. Buna ek olarak Mavi Bili\u015fim \u0130lgili Ki\u015filer ile aras\u0131nda do\u011fabilecek herhangi bir uyu\u015fmazl\u0131k durumunda, uyu\u015fmazl\u0131k kapsam\u0131nda gerekli savunmalar\u0131n ger\u00e7ekle\u015ftirilebilmesi amac\u0131yla s\u0131n\u0131rl\u0131 olmak \u00fczere ve mevzuat uyar\u0131nca belirlenen zamana\u015f\u0131m\u0131 s\u00fcreleri boyunca ki\u015fisel verileri saklayabilecektir.<\/p>\n<p>K\u0130\u015e\u0130SEL VER\u0130LER\u0130N\u0130ZE \u0130L\u0130\u015eK\u0130N HAKLARINIZ<\/p>\n<p>Veri sahibi olarak Mavi Bili\u015fim\u2018e ba\u015fvurarak;<\/p>\n<p>Ki\u015fisel verilerinizin i\u015flenip i\u015flenmedi\u011fini \u00f6\u011frenme,<\/p>\n<p>Ki\u015fisel verileriniz i\u015flenmi\u015fse buna ili\u015fkin bilgi talep etme,<\/p>\n<p>Ki\u015fisel verilerinizin i\u015flenme amac\u0131n\u0131 ve bunlar\u0131n amac\u0131na uygun kullan\u0131l\u0131p kullan\u0131lmad\u0131\u011f\u0131n\u0131 \u00f6\u011frenme,<\/p>\n<p>Yurt i\u00e7inde veya yurt d\u0131\u015f\u0131nda ki\u015fisel verilerinizin aktar\u0131ld\u0131\u011f\u0131 \u00fc\u00e7\u00fcnc\u00fc ki\u015fileri bilme,<\/p>\n<p>Ki\u015fisel verilerinizin eksik veya yanl\u0131\u015f i\u015flenmi\u015f olmas\u0131 h\u00e2linde bunlar\u0131n d\u00fczeltilmesini isteme ve bu kapsamda yap\u0131lan i\u015flemlerin ki\u015fisel verilerinizin aktar\u0131ld\u0131\u011f\u0131 \u00fc\u00e7\u00fcnc\u00fc ki\u015filere bildirilmesini isteme,<\/p>\n<p>i\u015flenmesini gerektiren sebeplerin ortadan kalkmas\u0131 h\u00e2linde ki\u015fisel verilerinizin silinmesini veya yok edilmesini isteme ve bu kapsamda yap\u0131lan i\u015flemlerin ki\u015fisel verilerinizin aktar\u0131ld\u0131\u011f\u0131 \u00fc\u00e7\u00fcnc\u00fc ki\u015filere bildirilmesini isteme,<\/p>\n<p>\u0130\u015flenen verilerinizin m\u00fcnhas\u0131ran otomatik sistemler vas\u0131tas\u0131yla analiz edilmesi suretiyle aleyhinize bir sonucun ortaya \u00e7\u0131kmas\u0131na itiraz etme,<\/p>\n<p>Kanunu\u2019 un 7. maddesinde yer alan \u015fartlar \u00e7er\u00e7evesinde ki\u015fisel verilerin silinmesini ya da yok edilmesini isteme, yap\u0131lan d\u00fczeltme, silme ya da yok etme i\u015flemlerinin ki\u015fisel verilerin payla\u015f\u0131ld\u0131\u011f\u0131 \u00fc\u00e7\u00fcnc\u00fc ki\u015filere bildirilmesini talep etme,<\/p>\n<p>Ki\u015fisel verilerinizin kanuna ayk\u0131r\u0131 olarak i\u015flenmesi sebebiyle zarara u\u011framan\u0131z h\u00e2linde zarar\u0131n giderilmesini talep etme haklar\u0131na sahipsiniz.<\/p>\n<p>Yukar\u0131da say\u0131lan haklar\u0131n\u0131za ili\u015fkin taleplerinizi Veri Sorumlusuna Ba\u015fvuru Usul ve Esaslar\u0131 Hakk\u0131nda Tebli\u011f\u2019de \u00f6ng\u00f6r\u00fclen ba\u015fvuru usullerine uygun olarak Mavi Bili\u015fim\u2019e iletmeniz durumunda Mavi Bili\u015fim talebinizi niteli\u011fine g\u00f6re en k\u0131sa s\u00fcrede ve en ge\u00e7 30 (otuz) g\u00fcn i\u00e7inde \u00fccretsiz olarak sonu\u00e7land\u0131racakt\u0131r. Ancak, i\u015flemin ayr\u0131ca bir maliyeti gerektirmesi h\u00e2linde, Mavi Bili\u015fim Ki\u015fisel Verileri Koruma Kurulunca belirlenen tarifedeki \u00fccreti talep edebilecektir.<\/p>\n","protected":false},"excerpt":{"rendered":"<p>WEB S\u0130TES\u0130 AYDINLATMA METN\u0130 Mavi Bili\u015fim olarak 6698 say\u0131l\u0131 Ki\u015fisel Verilerin Korunmas\u0131 Kanunu\u2019nda tan\u0131ml\u0131 veri sorumlusu s\u0131fat\u0131yla i\u015fledi\u011fimiz ki\u015fisel verilerinizin g\u00fcvenli\u011fine \u00f6nem veriyoruz. Bu nedenle sizleri ki\u015fisel verilerinizin i\u015flenmesine ili\u015fkin olarak bilgilendirmek isteriz. K\u0130\u015e\u0130SEL VER\u0130LER\u0130N\u0130Z\u0130N \u0130\u015eLENME AMACI VE HUKUK\u0130 SEBEB\u0130 Ki\u015fisel verileriniz 6698 say\u0131l\u0131 Ki\u015fisel Verilerin Korunmas\u0131 Kanunu ve ikincil d\u00fczenlemelere uygun olarak a\u015fa\u011f\u0131da belirtilen [&hellip;]<\/p>\n","protected":false},"author":1,"featured_media":0,"parent":0,"menu_order":0,"comment_status":"closed","ping_status":"closed","template":"","meta":[],"_links":{"self":[{"href":"https:\/\/mavibilisim.net\/tr\/wp-json\/wp\/v2\/pages\/715"}],"collection":[{"href":"https:\/\/mavibilisim.net\/tr\/wp-json\/wp\/v2\/pages"}],"about":[{"href":"https:\/\/mavibilisim.net\/tr\/wp-json\/wp\/v2\/types\/page"}],"author":[{"embeddable":true,"href":"https:\/\/mavibilisim.net\/tr\/wp-json\/wp\/v2\/users\/1"}],"replies":[{"embeddable":true,"href":"https:\/\/mavibilisim.net\/tr\/wp-json\/wp\/v2\/comments?post=715"}],"version-history":[{"count":2,"href":"https:\/\/mavibilisim.net\/tr\/wp-json\/wp\/v2\/pages\/715\/revisions"}],"predecessor-version":[{"id":717,"href":"https:\/\/mavibilisim.net\/tr\/wp-json\/wp\/v2\/pages\/715\/revisions\/717"}],"wp:attachment":[{"href":"https:\/\/mavibilisim.net\/tr\/wp-json\/wp\/v2\/media?parent=715"}],"curies":[{"name":"wp","href":"https:\/\/api.w.org\/{rel}","templated":true}]}}