{"id":82,"date":"2020-06-03T20:55:10","date_gmt":"2020-06-03T17:55:10","guid":{"rendered":"http:\/\/mavibilisim.net\/tr\/?page_id=82"},"modified":"2021-01-29T20:16:17","modified_gmt":"2021-01-29T17:16:17","slug":"hakkimizda","status":"publish","type":"page","link":"https:\/\/mavibilisim.net\/tr\/hakkimizda\/","title":{"rendered":"Hakk\u0131m\u0131zda"},"content":{"rendered":"<p style=\"text-align: center;\">2003 y\u0131l\u0131nda faaliyetine ba\u015flayan Mavi Bili\u015fim, resmi kurum ve firmalara vermi\u015f oldu\u011fu hizmetlerde m\u00fc\u015fteri memnuniyetini sa\u011flam\u0131\u015f ve sa\u011flam ad\u0131mlarla g\u00fcn\u00fcm\u00fczde marka bir firma olarak \u00e7al\u0131\u015fma alan\u0131n\u0131 geni\u015fletmi\u015ftir. Bir \u00e7ok alanda hizmet veren Mavi Bili\u015fim yapm\u0131\u015f oldu\u011fu hizmetlerde sekt\u00f6r\u00fcn \u00f6nde gelen firmas\u0131 olarak \u00e7al\u0131\u015fmalar\u0131na devam etmektedir.<\/p>\n<h1 style=\"text-align: center;\"><strong>Vizyonumuz\u00a0<\/strong><\/h1>\n<p style=\"text-align: center;\">G\u00fcn\u00fcm\u00fcz ve gelece\u011fin de\u011fi\u015fen ko\u015fullar\u0131n\u0131 ve sekt\u00f6rel de\u011fi\u015fimlerini takip ederek, g\u00fcvenilir ve etik de\u011ferlerine ba\u011fl\u0131 bir anlay\u0131\u015f ile, Bili\u015fim Sekt\u00f6r\u00fcn\u00fcn \u00f6nde gelen firmalar\u0131 aras\u0131nda yer almakt\u0131r.<\/p>\n<h1 style=\"text-align: center;\"><strong>Misyonumuz<\/strong><\/h1>\n<p style=\"text-align: center;\">Sekt\u00f6r\u00fcnde \u00fclkemizin uluslararas\u0131 rekabet edebilir seviyeye y\u00fckselmesi i\u00e7in pay\u0131na d\u00fc\u015fen \u00e7al\u0131\u015fmalar\u0131 ger\u00e7ekle\u015ftirmek, Global d\u00fczeyde hizmet veren rakipleri ile e\u015fde\u011fer \u00e7\u00f6z\u00fcmler \u00fcreterek rekabette \u00f6ne \u00e7\u0131kmak, M\u00fc\u015fteri memnuniyetini en \u00fcst d\u00fczeyde tutmak i\u00e7in en kaliteli hizmeti sunmak, Ulusal ve Uluslararas\u0131 alanda mevcut zorlu rekabet ko\u015fullar\u0131na M\u00fc\u015fterilerinin tam adaptasyonunu sa\u011flayacak hizmetler ve \u00e7\u00f6z\u00fcmler sunmak, En iyi hizmeti en optimum \u00e7\u00f6z\u00fcmle en y\u00fcksek kalite standartlar\u0131nda m\u00fc\u015fterilerine sunmak, Her zaman en iyiyi hedefleyerek sekt\u00f6r\u00fcnde \u00f6nc\u00fc rol oynamak.<\/p>\n<h1 style=\"text-align: center;\"><strong>De\u011ferlerimiz<\/strong><\/h1>\n<ul>\n<li style=\"text-align: center;\">M\u00fc\u015fteri ve tedarik\u00e7ilerimiz ile, kurulan uzun d\u00f6nemli ili\u015fkiler,<\/li>\n<li style=\"text-align: center;\">\u0130\u015fin her b\u00f6l\u00fcm\u00fcnde etik yakla\u015f\u0131m tarz\u0131,<\/li>\n<li style=\"text-align: center;\">Pazar geli\u015ftirici yap\u0131<\/li>\n<li style=\"text-align: center;\">G\u00fc\u00e7l\u00fc sat\u0131\u015f organizasyonu<\/li>\n<li style=\"text-align: center;\">Hedef odakl\u0131 \u00e7al\u0131\u015fma<\/li>\n<li style=\"text-align: center;\">Verimli sat\u0131\u015f sonras\u0131 hizmetler<\/li>\n<li style=\"text-align: center;\">G\u00fc\u00e7l\u00fc lojistik kontratlar<\/li>\n<li style=\"text-align: center;\">Stabil ve y\u00fcksek kalite \u00e7al\u0131\u015fan profili<\/li>\n<\/ul>\n<p><img loading=\"lazy\" class=\"alignnone wp-image-396\" src=\"https:\/\/mavibilisim.net\/tr\/wp-content\/uploads\/2020\/11\/kapak-300x114.jpg\" alt=\"\" width=\"921\" height=\"350\" srcset=\"https:\/\/mavibilisim.net\/tr\/wp-content\/uploads\/2020\/11\/kapak-300x114.jpg 300w, https:\/\/mavibilisim.net\/tr\/wp-content\/uploads\/2020\/11\/kapak-1024x390.jpg 1024w, https:\/\/mavibilisim.net\/tr\/wp-content\/uploads\/2020\/11\/kapak-768x292.jpg 768w, https:\/\/mavibilisim.net\/tr\/wp-content\/uploads\/2020\/11\/kapak-1536x584.jpg 1536w, https:\/\/mavibilisim.net\/tr\/wp-content\/uploads\/2020\/11\/kapak.jpg 1640w\" sizes=\"(max-width: 921px) 100vw, 921px\" \/><\/p>\n<p>&nbsp;<\/p>\n","protected":false},"excerpt":{"rendered":"<p>2003 y\u0131l\u0131nda faaliyetine ba\u015flayan Mavi Bili\u015fim, resmi kurum ve firmalara vermi\u015f oldu\u011fu hizmetlerde m\u00fc\u015fteri memnuniyetini sa\u011flam\u0131\u015f ve sa\u011flam ad\u0131mlarla g\u00fcn\u00fcm\u00fczde marka bir firma olarak \u00e7al\u0131\u015fma alan\u0131n\u0131 geni\u015fletmi\u015ftir. Bir \u00e7ok alanda hizmet veren Mavi Bili\u015fim yapm\u0131\u015f oldu\u011fu hizmetlerde sekt\u00f6r\u00fcn \u00f6nde gelen firmas\u0131 olarak \u00e7al\u0131\u015fmalar\u0131na devam etmektedir. Vizyonumuz\u00a0 G\u00fcn\u00fcm\u00fcz ve gelece\u011fin de\u011fi\u015fen ko\u015fullar\u0131n\u0131 ve sekt\u00f6rel de\u011fi\u015fimlerini takip [&hellip;]<\/p>\n","protected":false},"author":1,"featured_media":0,"parent":0,"menu_order":0,"comment_status":"closed","ping_status":"closed","template":"","meta":[],"_links":{"self":[{"href":"https:\/\/mavibilisim.net\/tr\/wp-json\/wp\/v2\/pages\/82"}],"collection":[{"href":"https:\/\/mavibilisim.net\/tr\/wp-json\/wp\/v2\/pages"}],"about":[{"href":"https:\/\/mavibilisim.net\/tr\/wp-json\/wp\/v2\/types\/page"}],"author":[{"embeddable":true,"href":"https:\/\/mavibilisim.net\/tr\/wp-json\/wp\/v2\/users\/1"}],"replies":[{"embeddable":true,"href":"https:\/\/mavibilisim.net\/tr\/wp-json\/wp\/v2\/comments?post=82"}],"version-history":[{"count":15,"href":"https:\/\/mavibilisim.net\/tr\/wp-json\/wp\/v2\/pages\/82\/revisions"}],"predecessor-version":[{"id":711,"href":"https:\/\/mavibilisim.net\/tr\/wp-json\/wp\/v2\/pages\/82\/revisions\/711"}],"wp:attachment":[{"href":"https:\/\/mavibilisim.net\/tr\/wp-json\/wp\/v2\/media?parent=82"}],"curies":[{"name":"wp","href":"https:\/\/api.w.org\/{rel}","templated":true}]}}